{"id":14881,"date":"2014-05-23T09:33:31","date_gmt":"2014-05-23T09:33:31","guid":{"rendered":"http:\/\/demo.qodeinteractive.com\/bridge8\/?page_id=14881"},"modified":"2023-11-16T16:41:21","modified_gmt":"2023-11-16T15:41:21","slug":"home","status":"publish","type":"page","link":"https:\/\/www.bg71.hu\/bg71-wp\/","title":{"rendered":"F\u0151oldal"},"content":{"rendered":"<section class=\"wpb-content-wrapper\"><p>[vc_row css_animation=&#8221;&#8221; row_type=&#8221;row&#8221; use_row_as_full_screen_section=&#8221;no&#8221; type=&#8221;full_width&#8221; angled_section=&#8221;no&#8221; text_align=&#8221;left&#8221; background_image_as_pattern=&#8221;without_pattern&#8221; z_index=&#8221;&#8221;][vc_column][\/vc_column][\/vc_row][vc_row css_animation=&#8221;&#8221; row_type=&#8221;row&#8221; use_row_as_full_screen_section=&#8221;no&#8221; type=&#8221;grid&#8221; angled_section=&#8221;no&#8221; text_align=&#8221;left&#8221; background_image_as_pattern=&#8221;without_pattern&#8221; background_color=&#8221;#fcfcfc&#8221; padding_top=&#8221;30&#8243; padding_bottom=&#8221;30&#8243; z_index=&#8221;&#8221;][vc_column][vc_column_text]<\/p>\n<h2 style=\"text-align: center;\">\u00dcdv. az oldalunkon!<\/h2>\n<p>[\/vc_column_text][vc_separator type=&#8221;small&#8221; position=&#8221;center&#8221; up=&#8221;24&#8243; down=&#8221;61&#8243;][vc_row_inner row_type=&#8221;row&#8221; type=&#8221;full_width&#8221; text_align=&#8221;left&#8221; css_animation=&#8221;&#8221;][vc_column_inner width=&#8221;1\/2&#8243;][vc_single_image image=&#8221;18062&#8243; img_size=&#8221;full&#8221; alignment=&#8221;center&#8221; style=&#8221;vc_box_shadow_border&#8221; qode_css_animation=&#8221;element_from_fade&#8221; transition_delay=&#8221;0.2&#8243;][vc_separator type=&#8221;transparent&#8221; up=&#8221;47&#8243; down=&#8221;0&#8243;][\/vc_column_inner][vc_column_inner width=&#8221;1\/2&#8243;][vc_column_text]<\/p>\n<p style=\"text-align: left;\"><span style=\"color: #333333; font-size: small;\">A BG71 St\u00fadi\u00f3 1998 \u00f3ta m\u0171k\u00f6dik Magyarorsz\u00e1gon, 2015-t\u0151l pedig Sz\u00e9kelyf\u00f6ld\u00f6n is. F\u0151 profilunk a fot\u00f3z\u00e1s, vide\u00f3k\u00e9sz\u00edt\u00e9s \u00e9s ehhez kapcsol\u00f3d\u00f3an sminkek \u00e9s frizur\u00e1k elk\u00e9sz\u00edt\u00e9se.<\/span><\/p>\n<p>&nbsp;<\/p>\n<p style=\"text-align: left;\"><span style=\"color: #333333; font-size: small;\"><strong>Tev\u00e9kenys\u00e9gi ter\u00fcleteink:<\/strong><\/span><\/p>\n<p style=\"text-align: left;\"><span style=\"color: #333333; font-size: small;\">\u2013 esk\u00fcv\u0151i fot\u00f3z\u00e1s \u00e9s vide\u00f3z\u00e1s, jegyes-fot\u00f3z\u00e1s<br \/>\n\u2013 boudoir-. glamour- \u00e9s fashion fot\u00f3z\u00e1sok<br \/>\n\u2013 gyermekfot\u00f3z\u00e1s, csal\u00e1di fot\u00f3z\u00e1s, kismama-fot\u00f3z\u00e1s, sz\u00fclinapi zs\u00far, keresztel\u0151k<br \/>\n\u2013 oszt\u00e1lyf\u00e9nyk\u00e9pez\u00e9s, iskolai tabl\u00f3fot\u00f3z\u00e1s, \u00f3vodai fot\u00f3z\u00e1s, \u00f3vodai esem\u00e9nyek, szalagavat\u00f3k<br \/>\n\u2013 professzion\u00e1lis sminkek- \u00e9s hajak k\u00e9sz\u00edt\u00e9se sminkmester\u00fcnk \u00e1ltal (<strong><a href=\"https:\/\/jakabtunde.com\/\" target=\"_blank\" rel=\"noopener\">www.jakabtunde.com<\/a><\/strong>)<br \/>\n\u2013 tartalomgy\u00e1rt\u00e1s weboldalakra \u2013 ezzel egybek\u00f6t\u00f6tten fizet\u0151s munkalehet\u0151s\u00e9g biztos\u00edt\u00e1sa modelleknek<br \/>\n\u2013 rendezv\u00e9nyek, esem\u00e9nyek fot\u00f3z\u00e1sa, sz\u00fcreti b\u00e1lok meg\u00f6r\u00f6k\u00edt\u00e9se<\/span><\/p>\n<p>[\/vc_column_text][vc_separator type=&#8221;transparent&#8221; up=&#8221;47&#8243; down=&#8221;0&#8243;]<a  itemprop=\"url\" href=\"https:\/\/www.bg71.hu\/bg71-wp\/roulnk\/\" target=\"_blank\"  class=\"qbutton  default\" style=\"\">B\u0151vebben...<\/a>[vc_separator type=&#8221;transparent&#8221; up=&#8221;47&#8243; down=&#8221;0&#8243;][\/vc_column_inner][\/vc_row_inner][\/vc_column][\/vc_row][vc_row css_animation=&#8221;&#8221; row_type=&#8221;row&#8221; use_row_as_full_screen_section=&#8221;no&#8221; type=&#8221;grid&#8221; angled_section=&#8221;no&#8221; text_align=&#8221;left&#8221; background_image_as_pattern=&#8221;without_pattern&#8221; background_color=&#8221;#d8d8d8&#8243; padding_top=&#8221;30&#8243; padding_bottom=&#8221;60&#8243; z_index=&#8221;&#8221;][vc_column][vc_separator type=&#8221;transparent&#8221; up=&#8221;40&#8243; down=&#8221;0&#8243;][vc_row_inner row_type=&#8221;row&#8221; type=&#8221;full_width&#8221; text_align=&#8221;left&#8221; css_animation=&#8221;&#8221;][vc_column_inner width=&#8221;1\/3&#8243;]<div class='image_hover hovered' style='' data-transition-delay=''><div class='images_holder'><a itemprop='url' href='https:\/\/www.bg71.hu\/bg71-wp\/szolgaltatasok\/eskuvoi-fotozas\/' target='_blank'><img itemprop='image' class='active_image ' src='https:\/\/www.bg71.hu\/bg71-wp\/wp-content\/uploads\/2013\/12\/esk371ak.jpg' alt='' style='' \/><img itemprop='image' class='hover_image' src='https:\/\/www.bg71.hu\/bg71-wp\/wp-content\/uploads\/2013\/12\/eskmm192k.jpg' alt='' style='' \/><\/a><\/div><\/div>[vc_separator type=&#8221;transparent&#8221; up=&#8221;22&#8243; down=&#8221;0&#8243;][vc_column_text]<\/p>\n<h4 style=\"text-align: center;\">Esk\u00fcv\u0151 fot\u00f3 &amp; vide\u00f3<\/h4>\n<p>[\/vc_column_text][vc_separator type=&#8221;transparent&#8221; up=&#8221;22&#8243; down=&#8221;0&#8243;][\/vc_column_inner][vc_column_inner width=&#8221;1\/3&#8243;]<div class='image_hover ' style='' data-transition-delay=''><div class='images_holder'><a itemprop='url' href='https:\/\/www.bg71.hu\/bg71-wp\/szolgaltatasok\/glamour-budoir-fashion-fotozas\/' target='_blank'><img itemprop='image' class='active_image ' src='https:\/\/www.bg71.hu\/bg71-wp\/wp-content\/uploads\/2013\/12\/malta11_1204ak.jpg' alt='' style='' \/><img itemprop='image' class='hover_image' src='https:\/\/www.bg71.hu\/bg71-wp\/wp-content\/uploads\/2013\/12\/szaren-35k.jpg' alt='' style='' \/><\/a><\/div><\/div>[vc_separator type=&#8221;transparent&#8221; up=&#8221;22&#8243; down=&#8221;0&#8243;][vc_column_text]<\/p>\n<h4 style=\"text-align: center;\">Glamour &#8211; Budoir &#8211; Fashion<\/h4>\n<p>[\/vc_column_text][vc_separator type=&#8221;transparent&#8221; up=&#8221;22&#8243; down=&#8221;0&#8243;][\/vc_column_inner][vc_column_inner width=&#8221;1\/3&#8243;]<div class='image_hover hovered' style='' data-transition-delay=''><div class='images_holder'><a itemprop='url' href='https:\/\/www.bg71.hu\/bg71-wp\/szolgaltatasok\/keresztelo-es-rendezveny-fotozas-videos\/' target='_blank'><img itemprop='image' class='active_image ' src='https:\/\/www.bg71.hu\/bg71-wp\/wp-content\/uploads\/2023\/11\/keresztelo.jpg' alt='' style='' \/><img itemprop='image' class='hover_image' src='https:\/\/www.bg71.hu\/bg71-wp\/wp-content\/uploads\/2013\/12\/mi05d264k.jpg' alt='' style='' \/><\/a><\/div><\/div>[vc_separator type=&#8221;transparent&#8221; up=&#8221;22&#8243; down=&#8221;0&#8243;][vc_column_text]<\/p>\n<h4 style=\"text-align: center;\">Keresztel\u0151 &amp; Rendezv\u00e9nyek<\/h4>\n<p>[\/vc_column_text][vc_separator type=&#8221;transparent&#8221; up=&#8221;22&#8243; down=&#8221;0&#8243;][\/vc_column_inner][\/vc_row_inner][vc_separator type=&#8221;transparent&#8221; up=&#8221;22&#8243; down=&#8221;0&#8243;][vc_row_inner row_type=&#8221;row&#8221; type=&#8221;full_width&#8221; text_align=&#8221;left&#8221; css_animation=&#8221;&#8221;][vc_column_inner width=&#8221;1\/3&#8243;]<div class='image_hover hovered' style='' data-transition-delay=''><div class='images_holder'><a itemprop='url' href='https:\/\/www.bg71.hu\/bg71-wp\/szolgaltatasok\/gyermek-es-csaladi-fotozas\/' target='_blank'><img itemprop='image' class='active_image ' src='https:\/\/www.bg71.hu\/bg71-wp\/wp-content\/uploads\/2023\/11\/269594105_3022840017963763_8443899940566749638_n.jpg' alt='' style='' \/><img itemprop='image' class='hover_image' src='https:\/\/www.bg71.hu\/bg71-wp\/wp-content\/uploads\/2013\/12\/benecs-51k.jpg' alt='' style='' \/><\/a><\/div><\/div>[vc_separator type=&#8221;transparent&#8221; up=&#8221;22&#8243; down=&#8221;0&#8243;][vc_column_text]<\/p>\n<h4 style=\"text-align: center;\">Gyermek &amp; csal\u00e1di<\/h4>\n<p>[\/vc_column_text][vc_separator type=&#8221;transparent&#8221; up=&#8221;22&#8243; down=&#8221;0&#8243;][\/vc_column_inner][vc_column_inner width=&#8221;1\/3&#8243;]<div class='image_hover ' style='' data-transition-delay=''><div class='images_holder'><a itemprop='url' href='https:\/\/www.bg71.hu\/bg71-wp\/szolgaltatasok\/kicsengetes-iskolai-tablo-fotozas-videozas\/' target='_blank'><img itemprop='image' class='active_image ' src='https:\/\/www.bg71.hu\/bg71-wp\/wp-content\/uploads\/2013\/12\/iskla-5kk.jpg' alt='' style='' \/><img itemprop='image' class='hover_image' src='https:\/\/www.bg71.hu\/bg71-wp\/wp-content\/uploads\/2013\/12\/szalag013k.jpg' alt='' style='' \/><\/a><\/div><\/div>[vc_separator type=&#8221;transparent&#8221; up=&#8221;22&#8243; down=&#8221;0&#8243;][vc_column_text]<\/p>\n<h4 style=\"text-align: center;\">Kicsenget\u00e9s &amp; Tabl\u00f3<\/h4>\n<p>[\/vc_column_text][vc_separator type=&#8221;transparent&#8221; up=&#8221;22&#8243; down=&#8221;0&#8243;][\/vc_column_inner][vc_column_inner width=&#8221;1\/3&#8243;]<div class='image_hover hovered' style='' data-transition-delay=''><div class='images_holder'><a itemprop='url' href='https:\/\/www.bg71.hu\/bg71-wp\/modell-munka-lehetoseg\/' target='_blank'><img itemprop='image' class='active_image ' src='https:\/\/www.bg71.hu\/bg71-wp\/wp-content\/uploads\/2019\/10\/216189595_2905370593044040_2305517770727319309_n.jpeg' alt='' style='' \/><img itemprop='image' class='hover_image' src='https:\/\/www.bg71.hu\/bg71-wp\/wp-content\/uploads\/2021\/10\/tunde2_275-scaled.jpg' alt='' style='' \/><\/a><\/div><\/div>[vc_separator type=&#8221;transparent&#8221; up=&#8221;22&#8243; down=&#8221;0&#8243;][vc_column_text]<\/p>\n<h4 style=\"text-align: center;\">Munkalehet\u0151s\u00e9g<\/h4>\n<p>[\/vc_column_text][\/vc_column_inner][\/vc_row_inner][\/vc_column][\/vc_row][vc_row css_animation=&#8221;&#8221; row_type=&#8221;row&#8221; use_row_as_full_screen_section=&#8221;no&#8221; type=&#8221;grid&#8221; angled_section=&#8221;no&#8221; text_align=&#8221;left&#8221; background_image_as_pattern=&#8221;without_pattern&#8221; background_color=&#8221;#ffffff&#8221; border_color=&#8221;#ffffff&#8221; padding_top=&#8221;80&#8243; padding_bottom=&#8221;60&#8243; z_index=&#8221;&#8221;][vc_column width=&#8221;1\/2&#8243;][vc_column_text]<\/p>\n<h4 style=\"text-align: center;\">T\u00fcnde \u00e9s Jen\u0151 &#8211; esk\u00fcv\u0151i klipp<\/h4>\n<p>[\/vc_column_text][vc_separator type=&#8221;transparent&#8221; up=&#8221;22&#8243; down=&#8221;0&#8243;][vc_video link=&#8221;https:\/\/www.youtube.com\/watch?v=Co-nRUPWgYQ&amp;list=PLs8By0PK9IT10w4qv4TMvRbdjVVhxLstI&amp;index=4&#8243;][vc_separator type=&#8221;transparent&#8221; up=&#8221;22&#8243; down=&#8221;0&#8243;][\/vc_column][vc_column width=&#8221;1\/2&#8243;][vc_column_text]<\/p>\n<h4 style=\"text-align: center;\">Zakynthos &#8211; Moments<\/h4>\n<p>[\/vc_column_text][vc_separator type=&#8221;transparent&#8221; up=&#8221;22&#8243; down=&#8221;0&#8243;][vc_video link=&#8221;https:\/\/www.youtube.com\/watch?v=4U4JsvwgXqw&amp;list=PLD553E1AEC78A5709&amp;index=16&#8243;][\/vc_column][\/vc_row]<\/p>\n<\/section>","protected":false},"excerpt":{"rendered":"<p>[vc_row css_animation=&#8221;&#8221; row_type=&#8221;row&#8221; use_row_as_full_screen_section=&#8221;no&#8221; type=&#8221;full_width&#8221; angled_section=&#8221;no&#8221; text_align=&#8221;left&#8221; background_image_as_pattern=&#8221;without_pattern&#8221; z_index=&#8221;&#8221;][vc_column][\/vc_column][\/vc_row][vc_row css_animation=&#8221;&#8221; row_type=&#8221;row&#8221; use_row_as_full_screen_section=&#8221;no&#8221; type=&#8221;grid&#8221; angled_section=&#8221;no&#8221; text_align=&#8221;left&#8221; background_image_as_pattern=&#8221;without_pattern&#8221; background_color=&#8221;#fcfcfc&#8221; padding_top=&#8221;30&#8243; padding_bottom=&#8221;30&#8243; z_index=&#8221;&#8221;][vc_column][vc_column_text] \u00dcdv. az oldalunkon! [\/vc_column_text][vc_separator type=&#8221;small&#8221; position=&#8221;center&#8221; up=&#8221;24&#8243; down=&#8221;61&#8243;][vc_row_inner row_type=&#8221;row&#8221; type=&#8221;full_width&#8221; text_align=&#8221;left&#8221; css_animation=&#8221;&#8221;][vc_column_inner width=&#8221;1\/2&#8243;][vc_single_image image=&#8221;18062&#8243; img_size=&#8221;full&#8221; alignment=&#8221;center&#8221; style=&#8221;vc_box_shadow_border&#8221; qode_css_animation=&#8221;element_from_fade&#8221; transition_delay=&#8221;0.2&#8243;][vc_separator type=&#8221;transparent&#8221; up=&#8221;47&#8243; down=&#8221;0&#8243;][\/vc_column_inner][vc_column_inner width=&#8221;1\/2&#8243;][vc_column_text] A BG71&#8230;<\/p>\n","protected":false},"author":1,"featured_media":0,"parent":0,"menu_order":0,"comment_status":"open","ping_status":"closed","template":"full_width.php","meta":{"footnotes":""},"class_list":["post-14881","page","type-page","status-publish","hentry"],"_links":{"self":[{"href":"https:\/\/www.bg71.hu\/bg71-wp\/wp-json\/wp\/v2\/pages\/14881","targetHints":{"allow":["GET"]}}],"collection":[{"href":"https:\/\/www.bg71.hu\/bg71-wp\/wp-json\/wp\/v2\/pages"}],"about":[{"href":"https:\/\/www.bg71.hu\/bg71-wp\/wp-json\/wp\/v2\/types\/page"}],"author":[{"embeddable":true,"href":"https:\/\/www.bg71.hu\/bg71-wp\/wp-json\/wp\/v2\/users\/1"}],"replies":[{"embeddable":true,"href":"https:\/\/www.bg71.hu\/bg71-wp\/wp-json\/wp\/v2\/comments?post=14881"}],"version-history":[{"count":195,"href":"https:\/\/www.bg71.hu\/bg71-wp\/wp-json\/wp\/v2\/pages\/14881\/revisions"}],"predecessor-version":[{"id":18575,"href":"https:\/\/www.bg71.hu\/bg71-wp\/wp-json\/wp\/v2\/pages\/14881\/revisions\/18575"}],"wp:attachment":[{"href":"https:\/\/www.bg71.hu\/bg71-wp\/wp-json\/wp\/v2\/media?parent=14881"}],"curies":[{"name":"wp","href":"https:\/\/api.w.org\/{rel}","templated":true}]}}