{"id":15552,"date":"2014-12-19T21:08:22","date_gmt":"2014-12-19T21:08:22","guid":{"rendered":"http:\/\/www.bg71.hu\/bg71-wp\/?page_id=15552"},"modified":"2023-11-08T22:28:11","modified_gmt":"2023-11-08T21:28:11","slug":"retusalas-kepjavitas","status":"publish","type":"page","link":"https:\/\/www.bg71.hu\/bg71-wp\/szolgaltatasok\/retusalas-kepjavitas\/","title":{"rendered":"Retus\u00e1l\u00e1s, k\u00e9pjav\u00edt\u00e1s"},"content":{"rendered":"<section class=\"wpb-content-wrapper\"><p>[vc_row css_animation=&#8221;&#8221; row_type=&#8221;row&#8221; use_row_as_full_screen_section=&#8221;no&#8221; type=&#8221;full_width&#8221; angled_section=&#8221;no&#8221; text_align=&#8221;left&#8221; background_image_as_pattern=&#8221;without_pattern&#8221;][vc_column][vc_separator type=&#8221;transparent&#8221; thickness=&#8221;30&#8243;][\/vc_column][\/vc_row][vc_row css_animation=&#8221;&#8221; row_type=&#8221;row&#8221; use_row_as_full_screen_section=&#8221;no&#8221; type=&#8221;grid&#8221; angled_section=&#8221;no&#8221; text_align=&#8221;left&#8221; background_image_as_pattern=&#8221;without_pattern&#8221;][vc_column][vc_column_text]<span style=\"font-size: x-large;\">Retus\u00e1l\u00e1s, k\u00e9pjav\u00edt\u00e1s<br \/>\n<\/span>[\/vc_column_text][vc_separator type=&#8221;transparent&#8221; thickness=&#8221;20&#8243;][vc_column_text]V\u00e1llaljuk r\u00e9gi nyomtatott vagy el\u0151h\u00edvott k\u00e9pek fel\u00faj\u00edt\u00e1s\u00e1t, retus\u00e1l\u00e1s\u00e1t, jav\u00edt\u00e1s\u00e1t.<br \/>\nValamint digit\u00e1lis k\u00e9pek retus\u00e1l\u00e1s\u00e1t \u00e9s\/vagy jav\u00edt\u00e1s\u00e1t.<br \/>\nK\u00e9rjen egyedi \u00e1raj\u00e1nlatot, mert az \u00e1rk\u00e9pz\u00e9s a munka bonyolults\u00e1g\u00e1t\u00f3l \u00e9s a k\u00e9pek mennyis\u00e9g\u00e9t\u0151l f\u00fcgg![\/vc_column_text][\/vc_column][\/vc_row][vc_row css_animation=&#8221;&#8221; row_type=&#8221;row&#8221; use_row_as_full_screen_section=&#8221;no&#8221; type=&#8221;full_width&#8221; angled_section=&#8221;no&#8221; text_align=&#8221;left&#8221; background_image_as_pattern=&#8221;without_pattern&#8221;][vc_column][vc_separator type=&#8221;transparent&#8221; thickness=&#8221;30&#8243;][\/vc_column][\/vc_row]<\/p>\n<\/section>","protected":false},"excerpt":{"rendered":"<p>[vc_row css_animation=&#8221;&#8221; row_type=&#8221;row&#8221; use_row_as_full_screen_section=&#8221;no&#8221; type=&#8221;full_width&#8221; angled_section=&#8221;no&#8221; text_align=&#8221;left&#8221; background_image_as_pattern=&#8221;without_pattern&#8221;][vc_column][vc_separator type=&#8221;transparent&#8221; thickness=&#8221;30&#8243;][\/vc_column][\/vc_row][vc_row css_animation=&#8221;&#8221; row_type=&#8221;row&#8221; use_row_as_full_screen_section=&#8221;no&#8221; type=&#8221;grid&#8221; angled_section=&#8221;no&#8221; text_align=&#8221;left&#8221; background_image_as_pattern=&#8221;without_pattern&#8221;][vc_column][vc_column_text]Retus\u00e1l\u00e1s, k\u00e9pjav\u00edt\u00e1s [\/vc_column_text][vc_separator type=&#8221;transparent&#8221; thickness=&#8221;20&#8243;][vc_column_text]V\u00e1llaljuk r\u00e9gi nyomtatott vagy el\u0151h\u00edvott k\u00e9pek fel\u00faj\u00edt\u00e1s\u00e1t, retus\u00e1l\u00e1s\u00e1t, jav\u00edt\u00e1s\u00e1t. Valamint digit\u00e1lis k\u00e9pek retus\u00e1l\u00e1s\u00e1t \u00e9s\/vagy jav\u00edt\u00e1s\u00e1t. K\u00e9rjen egyedi \u00e1raj\u00e1nlatot, mert az \u00e1rk\u00e9pz\u00e9s a munka bonyolults\u00e1g\u00e1t\u00f3l \u00e9s&#8230;<\/p>\n","protected":false},"author":1,"featured_media":0,"parent":13629,"menu_order":0,"comment_status":"open","ping_status":"open","template":"full_width.php","meta":{"footnotes":""},"class_list":["post-15552","page","type-page","status-publish","hentry"],"_links":{"self":[{"href":"https:\/\/www.bg71.hu\/bg71-wp\/wp-json\/wp\/v2\/pages\/15552","targetHints":{"allow":["GET"]}}],"collection":[{"href":"https:\/\/www.bg71.hu\/bg71-wp\/wp-json\/wp\/v2\/pages"}],"about":[{"href":"https:\/\/www.bg71.hu\/bg71-wp\/wp-json\/wp\/v2\/types\/page"}],"author":[{"embeddable":true,"href":"https:\/\/www.bg71.hu\/bg71-wp\/wp-json\/wp\/v2\/users\/1"}],"replies":[{"embeddable":true,"href":"https:\/\/www.bg71.hu\/bg71-wp\/wp-json\/wp\/v2\/comments?post=15552"}],"version-history":[{"count":14,"href":"https:\/\/www.bg71.hu\/bg71-wp\/wp-json\/wp\/v2\/pages\/15552\/revisions"}],"predecessor-version":[{"id":18297,"href":"https:\/\/www.bg71.hu\/bg71-wp\/wp-json\/wp\/v2\/pages\/15552\/revisions\/18297"}],"up":[{"embeddable":true,"href":"https:\/\/www.bg71.hu\/bg71-wp\/wp-json\/wp\/v2\/pages\/13629"}],"wp:attachment":[{"href":"https:\/\/www.bg71.hu\/bg71-wp\/wp-json\/wp\/v2\/media?parent=15552"}],"curies":[{"name":"wp","href":"https:\/\/api.w.org\/{rel}","templated":true}]}}