{"id":15557,"date":"2014-12-19T21:22:23","date_gmt":"2014-12-19T21:22:23","guid":{"rendered":"http:\/\/www.bg71.hu\/bg71-wp\/?page_id=15557"},"modified":"2023-11-12T10:52:20","modified_gmt":"2023-11-12T09:52:20","slug":"tengerparti-nyaralas-fotozas","status":"publish","type":"page","link":"https:\/\/www.bg71.hu\/bg71-wp\/szolgaltatasok\/tengerparti-nyaralas-fotozas\/","title":{"rendered":"Tengerparti nyaral\u00e1s, fot\u00f3z\u00e1s"},"content":{"rendered":"<section class=\"wpb-content-wrapper\"><p>[vc_row css_animation=&#8221;&#8221; row_type=&#8221;row&#8221; use_row_as_full_screen_section=&#8221;no&#8221; type=&#8221;grid&#8221; angled_section=&#8221;no&#8221; text_align=&#8221;left&#8221; background_image_as_pattern=&#8221;without_pattern&#8221;][vc_column][vc_separator type=&#8221;transparent&#8221; thickness=&#8221;20&#8243;][vc_column_text] <span style=\"font-size: x-large;\">Tengerparti nyaral\u00e1s, fot\u00f3z\u00e1s<br \/>\n<\/span>[\/vc_column_text][vc_separator type=&#8221;transparent&#8221; thickness=&#8221;20&#8243;][vc_column_text]2006\u00a0\u00f3ta minden \u00e9vben szervez\u00fcnk egy vagy t\u00f6bb tengerparti fot\u00f3z\u00e1ssal egybek\u00f6t\u00f6tt nyaral\u00e1st. Ezek\u00a0l\u00e9nyege, hogy a r\u00e9sztvev\u0151k kellemes hangulatban, j\u00f3 t\u00e1rsas\u00e1gban t\u00f6ltsenek el egy hetet valamelyik tengerparton, \u00e9s a nyaral\u00e1s mellett profi min\u0151s\u00e9g\u0171 fot\u00f3k, profi sminkek, \u00e9s eml\u00e9kezetes kisfilmek k\u00e9sz\u00fcljenek.<br \/>\nEddig Horv\u00e1torsz\u00e1gban 8-szor, G\u00f6r\u00f6gorsz\u00e1gban 7-szer, Gran Canari\u00e1n \u00e9s Olaszorsz\u00e1gban 2-szer, illetve egy-egy alkalommal T\u00f6r\u00f6korsz\u00e1gban, Spanyolorsz\u00e1gban, Izraelben, Bulg\u00e1ri\u00e1ban, Montenegr\u00f3ban \u00e9s M\u00e1lt\u00e1n j\u00e1rtunk, de volt fot\u00f3z\u00e1sunk Szardini\u00e1n, Korzik\u00e1n, Ausztri\u00e1ban \u00e9s Sz\u00e9kelyf\u00f6ld\u00f6n is.<\/p>\n<p>A nyaral\u00e1ssal egybek\u00f6t\u00f6tt fot\u00f3t\u00e1bor sor\u00e1n legal\u00e1bb 2 t\u00e9m\u00e1ban (tengerparti, divat) szervez\u00fcnk fot\u00f3z\u00e1sokat, ahol profi smink k\u00e9sz\u00fcl a r\u00e9sztvev\u0151knek term\u00e9szetesen nem csak modellek, vagy modell-alkat\u00faak jelentkezhetnek, hanem mindazok, akik szeretn\u00e9nek magukr\u00f3l professzion\u00e1lis k\u00e9peket exkluz\u00edv helysz\u00edneken, \u00e9s egy j\u00f3 t\u00e1rsas\u00e1got. \u00c9letkor megk\u00f6t\u00e9s sincs, b\u00e1r 18 \u00e9v alatt \u00edr\u00e1sos sz\u00fcl\u0151i hozz\u00e1j\u00e1rul\u00e1s kell az utaz\u00e1shoz \u2013 ilyenre t\u00f6bb alkalommal is volt p\u00e9lda.[\/vc_column_text][vc_separator type=&#8221;transparent&#8221; thickness=&#8221;30&#8243;][\/vc_column][\/vc_row][vc_row css_animation=&#8221;&#8221; row_type=&#8221;row&#8221; use_row_as_full_screen_section=&#8221;no&#8221; type=&#8221;grid&#8221; angled_section=&#8221;no&#8221; text_align=&#8221;left&#8221; background_image_as_pattern=&#8221;without_pattern&#8221;][vc_column width=&#8221;1\/2&#8243;][vc_column_text]<\/p>\n<h4 style=\"text-align: center;\">Zakynthos &#8211; Moments<\/h4>\n<p>[\/vc_column_text][vc_separator type=&#8221;transparent&#8221; thickness=&#8221;10&#8243;][vc_video link=&#8221;https:\/\/www.youtube.com\/watch?list=PLD553E1AEC78A5709&amp;time_continue=1&amp;v=4U4JsvwgXqw&amp;embeds_referring_euri=https%3A%2F%2Fwww.bg71.hu%2F&amp;source_ve_path=Mjg2NjY&amp;feature=emb_logo&#8221;][vc_separator type=&#8221;transparent&#8221; thickness=&#8221;10&#8243;][vc_column_text]<\/p>\n<h4 style=\"text-align: center;\">Kefalonia &#8211; 2015<\/h4>\n<p>[\/vc_column_text][vc_separator type=&#8221;transparent&#8221; thickness=&#8221;10&#8243;][vc_video link=&#8221;http:\/\/www.youtube.com\/watch?v=NzB_0__oLLs&#8221;][vc_separator type=&#8221;transparent&#8221; thickness=&#8221;10&#8243;][\/vc_column][vc_column width=&#8221;1\/2&#8243;][vc_column_text]<\/p>\n<h3>Kor\u00e1bbi\u00a0fot\u00f3t\u00e1boraink \u00e9s k\u00fclf\u00f6ldi fot\u00f3z\u00e1saink:<\/h3>\n<p>&nbsp;<\/p>\n<p>2023.- G\u00f6r\u00f6gorsz\u00e1g (28) &#8211; Thassos<\/p>\n<p>2022. &#8211; G\u00f6r\u00f6gorsz\u00e1g (27) &#8211; Kefal\u00f3nia<\/p>\n<p>2019. &#8211; Olaszorsz\u00e1g (26.) &#8211; Szic\u00edlia &#8211; <a href=\"https:\/\/www.youtube.com\/watch?v=coQvHLUlrLg\" target=\"_blank\" rel=\"noopener noreferrer\">Video ITT<\/a><\/p>\n<p>2019. &#8211; G\u00f6r\u00f6gorsz\u00e1g (25.) &#8211; Kefalonia &#8211; <a href=\"https:\/\/www.youtube.com\/watch?v=GfqBxQewMmI\" target=\"_blank\" rel=\"noopener noreferrer\">Video ITT<\/a><\/p>\n<p>2018. &#8211; Gran Canaria (24.) &#8211;\u00a0<a href=\"https:\/\/web.facebook.com\/289627698133609\/photos\/?tab=album&amp;album_id=563061554123554\" target=\"_blank\" rel=\"noopener noreferrer\">Fot\u00f3k ITT<\/a><\/p>\n<p>2018. &#8211; Montenegro (23.) &#8211;\u00a0<a href=\"https:\/\/web.facebook.com\/289627698133609\/photos\/?tab=album&amp;album_id=513289482434095\" target=\"_blank\" rel=\"noopener noreferrer\">Fot\u00f3k ITT<\/a><\/p>\n<p>2018. &#8211; G\u00f6r\u00f6gorsz\u00e1g (22.), Parga &#8211;\u00a0<a href=\"https:\/\/www.youtube.com\/watch?v=-VtvwL5PsDo\" target=\"_blank\" rel=\"noopener noreferrer\">Video ITT<\/a>\u00a0&#8211; <a href=\"https:\/\/web.facebook.com\/289627698133609\/photos\/?tab=album&amp;album_id=454801644949546\" target=\"_blank\" rel=\"noopener noreferrer\">Fot\u00f3k ITT<\/a><\/p>\n<p>2017. &#8211; Horv\u00e1torsz\u00e1gi fot\u00f3t\u00e1bor (21.), Punat &#8211; <a href=\"https:\/\/web.facebook.com\/289627698133609\/photos\/?tab=album&amp;album_id=364815607281484\" target=\"_blank\" rel=\"noopener noreferrer\">Fot\u00f3k ITT<\/a>\u00a0&#8211; <a href=\"https:\/\/www.youtube.com\/watch?v=1sEqsQ2V0tM&amp;t=39s\" target=\"_blank\" rel=\"noopener noreferrer\">Vide\u00f3 ITT<\/a><\/p>\n<p>2017. &#8211; Olaszorsz\u00e1gi fot\u00f3t\u00e1bor (20.), Velence &#8211; <a href=\"https:\/\/www.youtube.com\/watch?v=oubDG5Nb4Pk\" target=\"_blank\" rel=\"noopener noreferrer\">Vide\u00f3 ITT<\/a><\/p>\n<p>2017. &#8211; Gran Canaria\u00a0fot\u00f3t\u00e1bor (19.) &#8211; <a href=\"https:\/\/www.youtube.com\/watch?v=AwZWloOpdgE\" target=\"_blank\" rel=\"noopener noreferrer\">Vide\u00f3 ITT<\/a><\/p>\n<p>2016. &#8211; Bulg\u00e1riai fot\u00f3t\u00e1bor (18.) \u00a0&#8211; <a href=\"https:\/\/www.youtube.com\/watch?v=UhyZAqc7BQw\" target=\"_blank\" rel=\"noopener noreferrer\">Vide\u00f3 ITT<\/a><\/p>\n<p>2016. &#8211; G\u00f6r\u00f6g fot\u00f3t\u00e1bor (17.), Korfu &#8211; <a href=\"https:\/\/www.youtube.com\/watch?v=wWpmBjUUUjs\" target=\"_blank\" rel=\"noopener noreferrer\">Klip ITT<\/a><\/p>\n<p>2016. &#8211; Izraeli fot\u00f3t\u00e1bor (16.), Eilat &#8211; <a href=\"https:\/\/www.youtube.com\/watch?v=LMGL3P4mRS8&amp;t=336s\" target=\"_blank\" rel=\"noopener noreferrer\">Vide\u00f3 ITT<\/a><\/p>\n<p>2015. &#8211; G\u00f6r\u00f6g fot\u00f3t\u00e1bor (15.), Sarti &#8211; <a href=\"https:\/\/www.youtube.com\/watch?v=EBESQvxde1g\" target=\"_blank\" rel=\"noopener noreferrer\">Teljes video ITT<\/a><\/p>\n<p>2015. &#8211; G\u00f6r\u00f6g fot\u00f3t\u00e1bor (14.), Kefal\u00f3nia &#8211; <a href=\"https:\/\/www.youtube.com\/watch?v=S42pmLMswkU\" target=\"_blank\" rel=\"noopener noreferrer\">Teljes video ITT\u00a0<\/a><\/p>\n<p>2014. &#8211; Spanyol fot\u00f3t\u00e1bor (13.), Tossa de Mar\u00a0&#8211; <a href=\"https:\/\/www.youtube.com\/watch?v=-IHM-nEUDaI\" target=\"_blank\" rel=\"noopener noreferrer\">Haj\u00f3s-klip ITT<\/a><\/p>\n<p>2014. &#8211; Horv\u00e1t fot\u00f3t\u00e1bor (12.), Krk &#8211; <a href=\"http:\/\/www.youtube.com\/watch?v=Eug5bZ2UHAs\" target=\"_blank\" rel=\"noopener noreferrer\">Videoklipp ITT<\/a><\/p>\n<p>2013. &#8211; G\u00f6r\u00f6g fot\u00f3t\u00e1bor (11.), Korfu\u00a0&#8211; <a href=\"http:\/\/www.youtube.com\/watch?v=DBMOHL3vqLc\" target=\"_blank\" rel=\"noopener noreferrer\">Videoklipp ITT<\/a><\/p>\n<p>2013. &#8211; T\u00f6r\u00f6k fot\u00f3t\u00e1bor (10.), Kusadasi &#8211; <a href=\"http:\/\/www.youtube.com\/watch?v=ArVaq_xflKI\" target=\"_blank\" rel=\"noopener noreferrer\">Teljes video ITT<\/a><\/p>\n<p>2012. &#8211; G\u00f6r\u00f6g fot\u00f3t\u00e1bor (9.), Zakynthos &#8211; <a href=\"http:\/\/www.youtube.com\/watch?v=2yVDz926rFY\" target=\"_blank\" rel=\"noopener noreferrer\">Teljes video ITT<\/a><\/p>\n<p>2012. &#8211; Horv\u00e1t fot\u00f3t\u00e1bor (8.), Punat\u00a0&#8211; <a href=\"http:\/\/www.youtube.com\/watch?v=5tSzju6_xPQ\" target=\"_blank\" rel=\"noopener noreferrer\">Teljes video ITT<\/a><\/p>\n<p>2011. &#8211; M\u00e1ltai fot\u00f3t\u00e1bor (7.), Buggiba\u00a0&#8211; <a href=\"http:\/\/www.youtube.com\/watch?v=6DdKKnksS4Q\" target=\"_blank\" rel=\"noopener noreferrer\">Hangulatklipp ITT<\/a><\/p>\n<p>2010. &#8211; Horv\u00e1t fot\u00f3t\u00e1bor (6.), Novalja\u00a0&#8211; <a href=\"http:\/\/www.youtube.com\/watch?v=BqyCQITC-4Y\" target=\"_blank\" rel=\"noopener noreferrer\">Hangulatklipp ITT<\/a><\/p>\n<p>2009. &#8211; Horv\u00e1t fot\u00f3t\u00e1bor (5.), Vantacici &#8211; <a href=\"http:\/\/www.youtube.com\/watch?v=ggNnWbsREEc\" target=\"_blank\" rel=\"noopener noreferrer\">Videoklipp ITT<\/a><\/p>\n<p>2009. &#8211; Spanyol fot\u00f3z\u00e1s, Blanes\u00a0&#8211; <a href=\"http:\/\/www.youtube.com\/watch?v=v7aZuGty6T8\" target=\"_blank\" rel=\"noopener noreferrer\">Videoklipp ITT<\/a><\/p>\n<p>2008. &#8211; Horv\u00e1t fot\u00f3t\u00e1bor (4.), Punat\u00a0&#8211; <a href=\"http:\/\/www.youtube.com\/watch?v=2GWSiWsbMXM\" target=\"_blank\" rel=\"noopener noreferrer\">Hangulatklipp ITT<\/a><\/p>\n<p>2007-2008. &#8211; Szardiniai fot\u00f3z\u00e1sok<\/p>\n<p>2007. &#8211; Horv\u00e1t fot\u00f3t\u00e1bor (3.), Selce &#8211; <a href=\"http:\/\/www.youtube.com\/watch?v=6ZkELaQTLfg\" target=\"_blank\" rel=\"noopener noreferrer\">Hangulatklipp ITT<\/a><\/p>\n<p>2006. &#8211; Horv\u00e1t fot\u00f3t\u00e1borok (1-2.), Vrbnik\u00a0&#8211; <a href=\"http:\/\/www.youtube.com\/watch?v=nK1s80cd5C4\" target=\"_blank\" rel=\"noopener noreferrer\">Videoklipp ITT<\/a>[\/vc_column_text][vc_separator type=&#8221;transparent&#8221; thickness=&#8221;10&#8243;][\/vc_column][\/vc_row][vc_row css_animation=&#8221;&#8221; row_type=&#8221;row&#8221; use_row_as_full_screen_section=&#8221;no&#8221; type=&#8221;full_width&#8221; angled_section=&#8221;no&#8221; text_align=&#8221;left&#8221; background_image_as_pattern=&#8221;without_pattern&#8221;][vc_column][vc_separator type=&#8221;transparent&#8221; thickness=&#8221;20&#8243;][vc_gallery type=&#8221;image_grid&#8221; images=&#8221;18532,18531,18530,18529,18528,18527,18526,18525,18524,18523,18522,18521,18520,18519,18518,18517,18516,18515,18514,18513,18512,18511,18510,18509,18508&#8243; column_number=&#8221;5&#8243; grayscale=&#8221;no&#8221; images_space=&#8221;gallery_with_space&#8221;][\/vc_column][\/vc_row]<\/p>\n<\/section>","protected":false},"excerpt":{"rendered":"<p>[vc_row css_animation=&#8221;&#8221; row_type=&#8221;row&#8221; use_row_as_full_screen_section=&#8221;no&#8221; type=&#8221;grid&#8221; angled_section=&#8221;no&#8221; text_align=&#8221;left&#8221; background_image_as_pattern=&#8221;without_pattern&#8221;][vc_column][vc_separator type=&#8221;transparent&#8221; thickness=&#8221;20&#8243;][vc_column_text] Tengerparti nyaral\u00e1s, fot\u00f3z\u00e1s [\/vc_column_text][vc_separator type=&#8221;transparent&#8221; thickness=&#8221;20&#8243;][vc_column_text]2006\u00a0\u00f3ta minden \u00e9vben szervez\u00fcnk egy vagy t\u00f6bb tengerparti fot\u00f3z\u00e1ssal egybek\u00f6t\u00f6tt nyaral\u00e1st. Ezek\u00a0l\u00e9nyege, hogy a r\u00e9sztvev\u0151k kellemes hangulatban, j\u00f3 t\u00e1rsas\u00e1gban t\u00f6ltsenek el egy hetet valamelyik tengerparton, \u00e9s a nyaral\u00e1s mellett profi&#8230;<\/p>\n","protected":false},"author":1,"featured_media":0,"parent":13629,"menu_order":0,"comment_status":"open","ping_status":"open","template":"full_width.php","meta":{"footnotes":""},"class_list":["post-15557","page","type-page","status-publish","hentry"],"_links":{"self":[{"href":"https:\/\/www.bg71.hu\/bg71-wp\/wp-json\/wp\/v2\/pages\/15557","targetHints":{"allow":["GET"]}}],"collection":[{"href":"https:\/\/www.bg71.hu\/bg71-wp\/wp-json\/wp\/v2\/pages"}],"about":[{"href":"https:\/\/www.bg71.hu\/bg71-wp\/wp-json\/wp\/v2\/types\/page"}],"author":[{"embeddable":true,"href":"https:\/\/www.bg71.hu\/bg71-wp\/wp-json\/wp\/v2\/users\/1"}],"replies":[{"embeddable":true,"href":"https:\/\/www.bg71.hu\/bg71-wp\/wp-json\/wp\/v2\/comments?post=15557"}],"version-history":[{"count":94,"href":"https:\/\/www.bg71.hu\/bg71-wp\/wp-json\/wp\/v2\/pages\/15557\/revisions"}],"predecessor-version":[{"id":18544,"href":"https:\/\/www.bg71.hu\/bg71-wp\/wp-json\/wp\/v2\/pages\/15557\/revisions\/18544"}],"up":[{"embeddable":true,"href":"https:\/\/www.bg71.hu\/bg71-wp\/wp-json\/wp\/v2\/pages\/13629"}],"wp:attachment":[{"href":"https:\/\/www.bg71.hu\/bg71-wp\/wp-json\/wp\/v2\/media?parent=15557"}],"curies":[{"name":"wp","href":"https:\/\/api.w.org\/{rel}","templated":true}]}}