{"id":17665,"date":"2019-03-01T10:12:45","date_gmt":"2019-03-01T09:12:45","guid":{"rendered":"https:\/\/www.bg71.hu\/bg71-wp\/?page_id=17665"},"modified":"2019-03-01T10:12:45","modified_gmt":"2019-03-01T09:12:45","slug":"modell-adatlap","status":"publish","type":"page","link":"https:\/\/www.bg71.hu\/bg71-wp\/modell-adatlap\/","title":{"rendered":"Modell adatlap"},"content":{"rendered":"<section class=\"wpb-content-wrapper\"><p>[vc_row css_animation=&#8221;&#8221; row_type=&#8221;row&#8221; use_row_as_full_screen_section=&#8221;no&#8221; type=&#8221;full_width&#8221; angled_section=&#8221;no&#8221; text_align=&#8221;left&#8221; background_image_as_pattern=&#8221;without_pattern&#8221;][vc_column][vc_column_text]<div style=\"display:none\" class=\"fm-form-container fm-theme3\"><div id=\"fm-pages6\" class=\"fm-pages wdform_page_navigation \" show_title=\"\" show_numbers=\"1\" type=\"none\"><\/div><form name=\"form6\" action=\"\/bg71-wp\/wp-json\/wp\/v2\/pages\/17665\" method=\"post\" id=\"form6\" class=\"fm-form form6  \" enctype=\"multipart\/form-data\"><input type=\"hidden\" id=\"fm_page_id6\" value=\"17665\" name=\"fm_page_id6\" \/><input type=\"hidden\" id=\"fm_current_post_type6\" value=\"page\" name=\"fm_current_post_type6\" \/><input type=\"hidden\" id=\"counter6\" value=\"14\" name=\"counter6\" \/><input type=\"hidden\" id=\"Itemid6\" value=\"\" name=\"Itemid6\" \/><input type=\"hidden\" id=\"fm_shake6\" value=\"1\" name=\"fm_shake6\" \/><input type=\"text\" class=\"fm-hide\" id=\"fm_empty_field_validation6\" value=\"\" name=\"fm_empty_field_validation6\" data-value=\"bd736efb144d599cf463541431fbf5c4\" \/><div class=\"wdform-page-and-images fm-form-builder\"><div id=\"6form_view1\" class=\"wdform_page\" page_title=\"Untitled page\" next_title=\"Next\" next_type=\"text\" next_class=\"wdform-page-button\" next_checkable=\"true\" previous_title=\"Previous\" previous_type=\"text\" previous_class=\"wdform-page-button\" previous_checkable=\"false\"><div class=\"wdform_section\"><div class=\"wdform_column\"><div wdid=\"2\" class=\"wdform_row\" style=\"position: relative; left: 0px; top: 0px;\"><div type=\"type_text\" class=\"wdform-field wd-width-100 wd-flex wd-flex-column fm-type_text\" ><div class=\"wdform-label-section wd-width-100  wd-flex-row wd-align-items-center\">    <label  for=\"wdform_2_element6\" class=\"wdform-label\">Teljes n\u00e9v:<\/label><span class=\"wdform-required\">*<\/span><\/div><div class=\"wdform-element-section wd-flex  wd-flex-row wd-align-items-center wd-width-100\" ><input type=\"text\"                           class=\"wd-width-100\"                           id=\"wdform_2_element6\"                           name=\"wdform_2_element6\"                           value=\"\"                           data-value=\"\"                           title=\"\"                           placeholder=\"\"                                                       \/><\/div><\/div><\/div><\/div><div class=\"wdform_column\"><div wdid=\"3\" class=\"wdform_row\"><div type=\"type_text\" class=\"wdform-field wd-width-100 wd-flex wd-flex-column fm-type_text\" ><div class=\"wdform-label-section wd-width-100 undefined wd-flex-row wd-align-items-center\">    <label  for=\"wdform_3_element6\" class=\"wdform-label\">Lak\u00f3hely vagy tart\u00f3zkod\u00e1si hely (telep\u00fcl\u00e9s \u2013 pl: Budapest):<\/label><span class=\"wdform-required\">*<\/span><\/div><div class=\"wdform-element-section wd-flex undefined wd-flex-row wd-align-items-center wd-width-100\" ><input type=\"text\"                           class=\"wd-width-100\"                           id=\"wdform_3_element6\"                           name=\"wdform_3_element6\"                           value=\"\"                           data-value=\"\"                           title=\"\"                           placeholder=\"\"                                                       \/><\/div><\/div><\/div><\/div><div class=\"wdform_column\"><div wdid=\"11\" class=\"wdform_row\"><div type=\"type_text\" class=\"wdform-field wd-width-100 wd-flex wd-flex-column fm-type_text\" ><div class=\"wdform-label-section wd-width-100 undefined wd-flex-row wd-align-items-center\">    <label  for=\"wdform_11_element6\" class=\"wdform-label\">Sz\u00fclet\u00e9si \u00e9v:<\/label><span class=\"wdform-required\">*<\/span><\/div><div class=\"wdform-element-section wd-flex undefined wd-flex-row wd-align-items-center wd-width-100\" ><input type=\"text\"                           class=\"wd-width-100\"                           id=\"wdform_11_element6\"                           name=\"wdform_11_element6\"                           value=\"\"                           data-value=\"\"                           title=\"\"                           placeholder=\"\"                                                       \/><\/div><\/div><\/div><\/div><div class=\"wdform_column\"><div wdid=\"12\" class=\"wdform_row\"><div type=\"type_text\" class=\"wdform-field wd-width-100 wd-flex wd-flex-column fm-type_text\" ><div class=\"wdform-label-section wd-width-100 undefined wd-flex-row wd-align-items-center\">    <label  for=\"wdform_12_element6\" class=\"wdform-label\">Magass\u00e1g, s\u00faly:<\/label><span class=\"wdform-required\">*<\/span><\/div><div class=\"wdform-element-section wd-flex undefined wd-flex-row wd-align-items-center wd-width-100\" ><input type=\"text\"                           class=\"wd-width-100\"                           id=\"wdform_12_element6\"                           name=\"wdform_12_element6\"                           value=\"\"                           data-value=\"\"                           title=\"\"                           placeholder=\"\"                                                       \/><\/div><\/div><\/div><\/div><div class=\"wdform_column\"><div wdid=\"7\" class=\"wdform_row\" style=\"position: relative; left: 0px; top: 0px;\"><div type=\"type_text\" class=\"wdform-field wd-width-100 wd-flex wd-flex-column fm-type_text\" ><div class=\"wdform-label-section wd-width-100 undefined wd-flex-row wd-align-items-center\">    <label  for=\"wdform_7_element6\" class=\"wdform-label\">Mobil telefonsz\u00e1m:<\/label><span class=\"wdform-required\">*<\/span><\/div><div class=\"wdform-element-section wd-flex undefined wd-flex-row wd-align-items-center wd-width-100\" ><input type=\"text\"                           class=\"wd-width-100\"                           id=\"wdform_7_element6\"                           name=\"wdform_7_element6\"                           value=\"\"                           data-value=\"\"                           title=\"\"                           placeholder=\"\"                                                       \/><\/div><\/div><\/div><\/div><div class=\"wdform_column\"><div wdid=\"10\" class=\"wdform_row\" style=\"position: relative; left: 0px; top: 0px;\"><div type=\"type_checkbox\" class=\"wdform-field wd-width-100 wd-flex wd-flex-column fm-type_checkbox\" ><div class=\"wdform-label-section wd-width-100  wd-flex-wrap wd-flex-column\">    <label  class=\"wdform-label\">Idegennyelv ismeret - egyet jel\u00f6lj be!<\/label><span class=\"wdform-required\">*<\/span><\/div><div class=\"wdform-element-section wd-flex  wd-flex-wrap wd-flex-column wd-width-100\" ><div class=\"wd-flex wd-flex-column\"><input type=\"hidden\" name=\"wdform_10_element6\" value=\"\" \/><div class=\"checkbox-div wd-choice wd-flex wd-flex-row\"><input type=\"checkbox\"  id=\"wdform_10_element60\" name=\"wdform_10_element60\" value=\"Nem besz\u00e9lek angolul\"    \/><label class=\"wd-align-items-center wd-flex wd-flex-row\" for=\"wdform_10_element60\"><span><\/span>Nem besz\u00e9lek angolul<\/label><\/div><div class=\"checkbox-div wd-choice wd-flex wd-flex-row\"><input type=\"checkbox\"  id=\"wdform_10_element61\" name=\"wdform_10_element61\" value=\"Alapfokon besz\u00e9lek angolul\"    \/><label class=\"wd-align-items-center wd-flex wd-flex-row\" for=\"wdform_10_element61\"><span><\/span>Alapfokon besz\u00e9lek angolul<\/label><\/div><div class=\"checkbox-div wd-choice wd-flex wd-flex-row\"><input type=\"checkbox\"  id=\"wdform_10_element62\" name=\"wdform_10_element62\" value=\"J\u00f3l besz\u00e9lek angolul\"    \/><label class=\"wd-align-items-center wd-flex wd-flex-row\" for=\"wdform_10_element62\"><span><\/span>J\u00f3l besz\u00e9lek angolul<\/label><\/div><\/div><\/div><\/div><\/div><\/div><div class=\"wdform_column\"><div wdid=\"13\" class=\"wdform_row\"><div type=\"type_checkbox\" class=\"wdform-field wd-width-100 wd-flex wd-flex-column fm-type_checkbox\" ><div class=\"wdform-label-section wd-width-100  wd-flex-wrap wd-flex-column\">    <label  class=\"wdform-label\">Jel\u00f6ld be, amit v\u00e1llalsz (t\u00f6bb is v\u00e1laszthat\u00f3) - ez nem jelent k\u00f6telezetts\u00e9get, csak tudjuk, hogy mire h\u00edvhatunk:<\/label><span class=\"wdform-required\">*<\/span><\/div><div class=\"wdform-element-section wd-flex  wd-flex-wrap wd-flex-column wd-width-100\" ><div class=\"wd-flex wd-flex-column\"><input type=\"hidden\" name=\"wdform_13_element6\" value=\"\" \/><div class=\"checkbox-div wd-choice wd-flex wd-flex-row\"><input type=\"checkbox\"  id=\"wdform_13_element60\" name=\"wdform_13_element60\" value=\"Vizes ruh\u00e1s video - teljesen fel\u00f6lt\u00f6zve\"    \/><label class=\"wd-align-items-center wd-flex wd-flex-row\" for=\"wdform_13_element60\"><span><\/span>Vizes ruh\u00e1s video - teljesen fel\u00f6lt\u00f6zve<\/label><\/div><div class=\"checkbox-div wd-choice wd-flex wd-flex-row\"><input type=\"checkbox\"  id=\"wdform_13_element61\" name=\"wdform_13_element61\" value=\"Melltart\u00f3 n\u00e9lk\u00fcl, de \u00e1tl\u00e1tsz\u00f3 pol\u00f3ban\"    \/><label class=\"wd-align-items-center wd-flex wd-flex-row\" for=\"wdform_13_element61\"><span><\/span>Melltart\u00f3 n\u00e9lk\u00fcl, de \u00e1tl\u00e1tsz\u00f3 pol\u00f3ban<\/label><\/div><div class=\"checkbox-div wd-choice wd-flex wd-flex-row\"><input type=\"checkbox\"  id=\"wdform_13_element62\" name=\"wdform_13_element62\" value=\"F\u00e9laktot is v\u00e1llalok (cici l\u00e1tszik)\"    \/><label class=\"wd-align-items-center wd-flex wd-flex-row\" for=\"wdform_13_element62\"><span><\/span>F\u00e9laktot is v\u00e1llalok (cici l\u00e1tszik)<\/label><\/div><div class=\"checkbox-div wd-choice wd-flex wd-flex-row\"><input type=\"checkbox\"  id=\"wdform_13_element63\" name=\"wdform_13_element63\" value=\"Aktot is v\u00e1llalok\"    \/><label class=\"wd-align-items-center wd-flex wd-flex-row\" for=\"wdform_13_element63\"><span><\/span>Aktot is v\u00e1llalok<\/label><\/div><div class=\"checkbox-div wd-choice wd-flex wd-flex-row\"><input type=\"checkbox\"  id=\"wdform_13_element64\" name=\"wdform_13_element64\" value=\"Saras, olajos, tejes klipet v\u00e1llalok\"    \/><label class=\"wd-align-items-center wd-flex wd-flex-row\" for=\"wdform_13_element64\"><span><\/span>Saras, olajos, tejes klipet v\u00e1llalok<\/label><\/div><div class=\"checkbox-div wd-choice wd-flex wd-flex-row\"><input type=\"checkbox\"  id=\"wdform_13_element65\" name=\"wdform_13_element65\" value=\"Wedgie - feh\u00e9rnem\u0171s munka\"    \/><label class=\"wd-align-items-center wd-flex wd-flex-row\" for=\"wdform_13_element65\"><span><\/span>Wedgie - feh\u00e9rnem\u0171s munka<\/label><\/div><\/div><\/div><\/div><\/div><\/div><div class=\"wdform_column\"><div wdid=\"1\" class=\"wdform_row\" style=\"position: relative; left: 0px; top: 0px;\"><div type=\"type_submit_reset\" class=\"wdform-field wd-width-100 wd-flex wd-flex-column fm-type_submit_reset\" ><div class=\"wdform-element-section wd-flex  wd-flex-row wd-justify-content-right wd-width-100\" ><button  type=\"button\" class=\"button-submit\" onclick=\"fm_submit_form('6');\"  data-ajax=\"0\"><span class=\"fm-submit-loading spinner fm-ico-spinner\"><\/span>Elk\u00fcld<\/button><button  type=\"button\" class=\"button-reset wd-hidden\" onclick=\"fm_reset_form(6);\" >Reset<\/button><\/div><\/div><\/div><\/div><\/div><div valign=\"top\" class=\"wdform_footer wd-width-100\"><div class=\"wd-width-100\"><div class=\"wd-width-100 wd-table\" style=\"padding-top:10px;\"><div class=\"wd-table-group\"><div id=\"6page_nav1\" class=\"wd-table-row\"><\/div><\/div><\/div><\/div><\/div><\/div><\/div><div class=\"wdform_preload\"><\/div><input type=\"hidden\" name=\"fm-current-page\" value=\"https:\/\/www.bg71.hu\/bg71-wp\/wp-json\/wp\/v2\/pages\/17665\" \/><\/form><\/div>[\/vc_column_text][\/vc_column][\/vc_row]<\/p>\n<\/section>","protected":false},"excerpt":{"rendered":"<p>[vc_row css_animation=&#8221;&#8221; row_type=&#8221;row&#8221; use_row_as_full_screen_section=&#8221;no&#8221; type=&#8221;full_width&#8221; angled_section=&#8221;no&#8221; text_align=&#8221;left&#8221; background_image_as_pattern=&#8221;without_pattern&#8221;][vc_column][vc_column_text][\/vc_column_text][\/vc_column][\/vc_row]<\/p>\n","protected":false},"author":1,"featured_media":0,"parent":0,"menu_order":0,"comment_status":"closed","ping_status":"closed","template":"","meta":{"footnotes":""},"class_list":["post-17665","page","type-page","status-publish","hentry"],"_links":{"self":[{"href":"https:\/\/www.bg71.hu\/bg71-wp\/wp-json\/wp\/v2\/pages\/17665","targetHints":{"allow":["GET"]}}],"collection":[{"href":"https:\/\/www.bg71.hu\/bg71-wp\/wp-json\/wp\/v2\/pages"}],"about":[{"href":"https:\/\/www.bg71.hu\/bg71-wp\/wp-json\/wp\/v2\/types\/page"}],"author":[{"embeddable":true,"href":"https:\/\/www.bg71.hu\/bg71-wp\/wp-json\/wp\/v2\/users\/1"}],"replies":[{"embeddable":true,"href":"https:\/\/www.bg71.hu\/bg71-wp\/wp-json\/wp\/v2\/comments?post=17665"}],"version-history":[{"count":1,"href":"https:\/\/www.bg71.hu\/bg71-wp\/wp-json\/wp\/v2\/pages\/17665\/revisions"}],"predecessor-version":[{"id":17666,"href":"https:\/\/www.bg71.hu\/bg71-wp\/wp-json\/wp\/v2\/pages\/17665\/revisions\/17666"}],"wp:attachment":[{"href":"https:\/\/www.bg71.hu\/bg71-wp\/wp-json\/wp\/v2\/media?parent=17665"}],"curies":[{"name":"wp","href":"https:\/\/api.w.org\/{rel}","templated":true}]}}